{"id":111936,"date":"2020-05-04T21:13:21","date_gmt":"2020-05-05T02:13:21","guid":{"rendered":"https:\/\/chapalarealty.chapala.com\/venta\/"},"modified":"2026-02-15T13:28:21","modified_gmt":"2026-02-15T19:28:21","slug":"venta","status":"publish","type":"page","link":"https:\/\/chapalarealty.chapala.com\/es\/venta\/","title":{"rendered":"Venta"},"content":{"rendered":"\t\t<div data-elementor-type=\"wp-page\" data-elementor-id=\"111936\" class=\"elementor elementor-111936 elementor-17698\">\n\t\t\t\t\t\t<section class=\"elementor-section elementor-top-section elementor-element elementor-element-59f6df17 elementor-section-boxed elementor-section-height-default elementor-section-height-default\" data-id=\"59f6df17\" data-element_type=\"section\" data-e-type=\"section\">\n\t\t\t\t\t\t<div class=\"elementor-container elementor-column-gap-default\">\n\t\t\t\t\t<div class=\"elementor-column elementor-col-100 elementor-top-column elementor-element elementor-element-2a5a6068\" data-id=\"2a5a6068\" data-element_type=\"column\" data-e-type=\"column\">\n\t\t\t<div class=\"elementor-widget-wrap elementor-element-populated\">\n\t\t\t\t\t\t<div class=\"elementor-element elementor-element-1b4ab787 elementor-widget elementor-widget-text-editor\" data-id=\"1b4ab787\" data-element_type=\"widget\" data-e-type=\"widget\" data-widget_type=\"text-editor.default\">\n\t\t\t\t<div class=\"elementor-widget-container\">\n\t\t\t\t\t\t\t\t\t\n<div class=\"wp-block-image\">\n<figure class=\"aligncenter\"><img decoding=\"async\" class=\"alignnone size-full wp-image-18345\" src=\"https:\/\/chapalarealty.chapala.com\/wp-content\/uploads\/2020\/05\/wseller2.jpg\" alt=\"\" width=\"239\" height=\"201\"><\/figure>\n<\/div>\n\n<p>En Coldwell Banker, nuestro objetivo no es simplemente vender su casa, sino ayudarle a obtener el mejor precio posible por su propiedad en el menor tiempo posible y con las m\u00ednimas molestias para usted.<\/p>\n\n<p>Hemos vendido m\u00e1s de 2.500 casas y terrenos en la zona del Lago de Chapala, muchas m\u00e1s que nuestros competidores, y como la inmobiliaria m\u00e1s antigua de la regi\u00f3n, hemos aprendido muchas lecciones. <\/p>\n\n<ul>\n<li><strong><a href=\"https:\/\/chapalarealty.chapala.com\/home-enhancement-guide-seller\/\">Gu\u00eda de mejora del hogar<\/a><\/strong><\/li>\n<li><strong><a href=\"https:\/\/chapalarealty.chapala.com\/how-to-manage-your-real-estate-portfolio\/\">C\u00f3mo gestionar su \u201ccartera\u201d inmobiliaria<\/a><\/strong><\/li>\n<li><strong><a href=\"https:\/\/chapalarealty.chapala.com\/preparing-your-home-for-sale\/\">Preparar su casa para la venta<\/a><\/strong><\/li>\n<li><strong><a href=\"https:\/\/chapalarealty.chapala.com\/what-home-sellers-want\/\">Qu\u00e9 buscan los vendedores de viviendas<\/a><\/strong><\/li>\n<li><strong><a href=\"https:\/\/chapalarealty.chapala.com\/what-is-important-to-you-in-the-sale-of-your-property\/\">\u00bfQu\u00e9 es importante para usted en la venta de su propiedad?<\/a><\/strong><\/li>\n<li><strong><a href=\"https:\/\/chapalarealty.chapala.com\/how-coldwell-banker-meets-the-needs-of-sellers\/\">C\u00f3mo Coldwell Banker\u00ae satisface las necesidades de los vendedores<\/a><\/strong><\/li>\n<\/ul>\n\t\t\t\t\t\t\t\t<\/div>\n\t\t\t\t<\/div>\n\t\t\t\t\t<\/div>\n\t\t<\/div>\n\t\t\t\t\t<\/div>\n\t\t<\/section>\n\t\t\t\t<\/div>\n\t\t","protected":false},"excerpt":{"rendered":"<p>En Coldwell Banker, nuestro objetivo no es simplemente vender su casa, sino ayudarle a obtener el mejor precio posible por su propiedad en el menor tiempo posible y con las m\u00ednimas molestias para usted. Hemos vendido m\u00e1s de 2.500 casas y terrenos en la zona del Lago de Chapala, muchas m\u00e1s que nuestros competidores, y [&hellip;]<\/p>\n","protected":false},"author":1,"featured_media":0,"parent":0,"menu_order":0,"comment_status":"closed","ping_status":"closed","template":"","meta":{"footnotes":""},"class_list":["post-111936","page","type-page","status-publish","hentry"],"yoast_head":"<!-- This site is optimized with the Yoast SEO plugin v27.4 - https:\/\/yoast.com\/product\/yoast-seo-wordpress\/ -->\n<title>Venta - Lake Chapala Real Estate - Coldwell Banker<\/title>\n<meta name=\"robots\" content=\"index, follow, max-snippet:-1, max-image-preview:large, max-video-preview:-1\" \/>\n<link rel=\"canonical\" href=\"https:\/\/chapalarealty.chapala.com\/es\/venta\/\" \/>\n<meta property=\"og:locale\" content=\"es_ES\" \/>\n<meta property=\"og:type\" content=\"article\" \/>\n<meta property=\"og:title\" content=\"Venta - Lake Chapala Real Estate - Coldwell Banker\" \/>\n<meta property=\"og:description\" content=\"En Coldwell Banker, nuestro objetivo no es simplemente vender su casa, sino ayudarle a obtener el mejor precio posible por su propiedad en el menor tiempo posible y con las m\u00ednimas molestias para usted. Hemos vendido m\u00e1s de 2.500 casas y terrenos en la zona del Lago de Chapala, muchas m\u00e1s que nuestros competidores, y [&hellip;]\" \/>\n<meta property=\"og:url\" content=\"https:\/\/chapalarealty.chapala.com\/es\/venta\/\" \/>\n<meta property=\"og:site_name\" content=\"Lake Chapala Real Estate - Coldwell Banker\" \/>\n<meta property=\"article:publisher\" content=\"https:\/\/www.facebook.com\/coldwellbanker.chapala\" \/>\n<meta property=\"article:modified_time\" content=\"2026-02-15T19:28:21+00:00\" \/>\n<meta property=\"og:image\" content=\"https:\/\/chapalarealty.chapala.com\/wp-content\/uploads\/2020\/05\/wseller2.jpg\" \/>\n\t<meta property=\"og:image:width\" content=\"239\" \/>\n\t<meta property=\"og:image:height\" content=\"201\" \/>\n\t<meta property=\"og:image:type\" content=\"image\/jpeg\" \/>\n<meta name=\"twitter:card\" content=\"summary_large_image\" \/>\n<meta name=\"twitter:label1\" content=\"Tiempo de lectura\" \/>\n\t<meta name=\"twitter:data1\" content=\"1 minuto\" \/>\n<script type=\"application\/ld+json\" class=\"yoast-schema-graph\">{\"@context\":\"https:\\\/\\\/schema.org\",\"@graph\":[{\"@type\":\"WebPage\",\"@id\":\"https:\\\/\\\/chapalarealty.chapala.com\\\/es\\\/venta\\\/\",\"url\":\"https:\\\/\\\/chapalarealty.chapala.com\\\/es\\\/venta\\\/\",\"name\":\"Venta - Lake Chapala Real Estate - Coldwell Banker\",\"isPartOf\":{\"@id\":\"https:\\\/\\\/chapalarealty.chapala.com\\\/es\\\/#website\"},\"primaryImageOfPage\":{\"@id\":\"https:\\\/\\\/chapalarealty.chapala.com\\\/es\\\/venta\\\/#primaryimage\"},\"image\":{\"@id\":\"https:\\\/\\\/chapalarealty.chapala.com\\\/es\\\/venta\\\/#primaryimage\"},\"thumbnailUrl\":\"https:\\\/\\\/chapalarealty.chapala.com\\\/wp-content\\\/uploads\\\/2020\\\/05\\\/wseller2.jpg\",\"datePublished\":\"2020-05-05T02:13:21+00:00\",\"dateModified\":\"2026-02-15T19:28:21+00:00\",\"breadcrumb\":{\"@id\":\"https:\\\/\\\/chapalarealty.chapala.com\\\/es\\\/venta\\\/#breadcrumb\"},\"inLanguage\":\"es\",\"potentialAction\":[{\"@type\":\"ReadAction\",\"target\":[\"https:\\\/\\\/chapalarealty.chapala.com\\\/es\\\/venta\\\/\"]}]},{\"@type\":\"ImageObject\",\"inLanguage\":\"es\",\"@id\":\"https:\\\/\\\/chapalarealty.chapala.com\\\/es\\\/venta\\\/#primaryimage\",\"url\":\"https:\\\/\\\/chapalarealty.chapala.com\\\/wp-content\\\/uploads\\\/2020\\\/05\\\/wseller2.jpg\",\"contentUrl\":\"https:\\\/\\\/chapalarealty.chapala.com\\\/wp-content\\\/uploads\\\/2020\\\/05\\\/wseller2.jpg\"},{\"@type\":\"BreadcrumbList\",\"@id\":\"https:\\\/\\\/chapalarealty.chapala.com\\\/es\\\/venta\\\/#breadcrumb\",\"itemListElement\":[{\"@type\":\"ListItem\",\"position\":1,\"name\":\"Home\",\"item\":\"https:\\\/\\\/chapalarealty.chapala.com\\\/es\\\/chapala-realty\\\/\"},{\"@type\":\"ListItem\",\"position\":2,\"name\":\"Venta\"}]},{\"@type\":\"WebSite\",\"@id\":\"https:\\\/\\\/chapalarealty.chapala.com\\\/es\\\/#website\",\"url\":\"https:\\\/\\\/chapalarealty.chapala.com\\\/es\\\/\",\"name\":\"Lake Chapala Real Estate Coldwell Banker Chapala Realty\",\"description\":\"Information on real estate sales, rentals and retirement in Chapala, Ajijic and Lake Chapala area.  Homes for sale in Chapala. Homes for sale in Ajijic.\",\"publisher\":{\"@id\":\"https:\\\/\\\/chapalarealty.chapala.com\\\/es\\\/#organization\"},\"potentialAction\":[{\"@type\":\"SearchAction\",\"target\":{\"@type\":\"EntryPoint\",\"urlTemplate\":\"https:\\\/\\\/chapalarealty.chapala.com\\\/es\\\/?s={search_term_string}\"},\"query-input\":{\"@type\":\"PropertyValueSpecification\",\"valueRequired\":true,\"valueName\":\"search_term_string\"}}],\"inLanguage\":\"es\"},{\"@type\":\"Organization\",\"@id\":\"https:\\\/\\\/chapalarealty.chapala.com\\\/es\\\/#organization\",\"name\":\"Coldwell Banker Chapala Realty\",\"url\":\"https:\\\/\\\/chapalarealty.chapala.com\\\/es\\\/\",\"logo\":{\"@type\":\"ImageObject\",\"inLanguage\":\"es\",\"@id\":\"https:\\\/\\\/chapalarealty.chapala.com\\\/es\\\/#\\\/schema\\\/logo\\\/image\\\/\",\"url\":\"https:\\\/\\\/chapalarealty.chapala.com\\\/wp-content\\\/uploads\\\/2022\\\/05\\\/Chapala-Realty-logo.jpg\",\"contentUrl\":\"https:\\\/\\\/chapalarealty.chapala.com\\\/wp-content\\\/uploads\\\/2022\\\/05\\\/Chapala-Realty-logo.jpg\",\"width\":276,\"height\":100,\"caption\":\"Coldwell Banker Chapala Realty\"},\"image\":{\"@id\":\"https:\\\/\\\/chapalarealty.chapala.com\\\/es\\\/#\\\/schema\\\/logo\\\/image\\\/\"},\"sameAs\":[\"https:\\\/\\\/www.facebook.com\\\/coldwellbanker.chapala\",\"https:\\\/\\\/www.instagram.com\\\/coldwellbankerchapala\\\/\",\"https:\\\/\\\/www.youtube.com\\\/user\\\/cbChapalaRealty\"]}]}<\/script>\n<!-- \/ Yoast SEO plugin. -->","yoast_head_json":{"title":"Venta - Lake Chapala Real Estate - Coldwell Banker","robots":{"index":"index","follow":"follow","max-snippet":"max-snippet:-1","max-image-preview":"max-image-preview:large","max-video-preview":"max-video-preview:-1"},"canonical":"https:\/\/chapalarealty.chapala.com\/es\/venta\/","og_locale":"es_ES","og_type":"article","og_title":"Venta - Lake Chapala Real Estate - Coldwell Banker","og_description":"En Coldwell Banker, nuestro objetivo no es simplemente vender su casa, sino ayudarle a obtener el mejor precio posible por su propiedad en el menor tiempo posible y con las m\u00ednimas molestias para usted. Hemos vendido m\u00e1s de 2.500 casas y terrenos en la zona del Lago de Chapala, muchas m\u00e1s que nuestros competidores, y [&hellip;]","og_url":"https:\/\/chapalarealty.chapala.com\/es\/venta\/","og_site_name":"Lake Chapala Real Estate - Coldwell Banker","article_publisher":"https:\/\/www.facebook.com\/coldwellbanker.chapala","article_modified_time":"2026-02-15T19:28:21+00:00","og_image":[{"width":239,"height":201,"url":"https:\/\/chapalarealty.chapala.com\/wp-content\/uploads\/2020\/05\/wseller2.jpg","type":"image\/jpeg"}],"twitter_card":"summary_large_image","twitter_misc":{"Tiempo de lectura":"1 minuto"},"schema":{"@context":"https:\/\/schema.org","@graph":[{"@type":"WebPage","@id":"https:\/\/chapalarealty.chapala.com\/es\/venta\/","url":"https:\/\/chapalarealty.chapala.com\/es\/venta\/","name":"Venta - Lake Chapala Real Estate - Coldwell Banker","isPartOf":{"@id":"https:\/\/chapalarealty.chapala.com\/es\/#website"},"primaryImageOfPage":{"@id":"https:\/\/chapalarealty.chapala.com\/es\/venta\/#primaryimage"},"image":{"@id":"https:\/\/chapalarealty.chapala.com\/es\/venta\/#primaryimage"},"thumbnailUrl":"https:\/\/chapalarealty.chapala.com\/wp-content\/uploads\/2020\/05\/wseller2.jpg","datePublished":"2020-05-05T02:13:21+00:00","dateModified":"2026-02-15T19:28:21+00:00","breadcrumb":{"@id":"https:\/\/chapalarealty.chapala.com\/es\/venta\/#breadcrumb"},"inLanguage":"es","potentialAction":[{"@type":"ReadAction","target":["https:\/\/chapalarealty.chapala.com\/es\/venta\/"]}]},{"@type":"ImageObject","inLanguage":"es","@id":"https:\/\/chapalarealty.chapala.com\/es\/venta\/#primaryimage","url":"https:\/\/chapalarealty.chapala.com\/wp-content\/uploads\/2020\/05\/wseller2.jpg","contentUrl":"https:\/\/chapalarealty.chapala.com\/wp-content\/uploads\/2020\/05\/wseller2.jpg"},{"@type":"BreadcrumbList","@id":"https:\/\/chapalarealty.chapala.com\/es\/venta\/#breadcrumb","itemListElement":[{"@type":"ListItem","position":1,"name":"Home","item":"https:\/\/chapalarealty.chapala.com\/es\/chapala-realty\/"},{"@type":"ListItem","position":2,"name":"Venta"}]},{"@type":"WebSite","@id":"https:\/\/chapalarealty.chapala.com\/es\/#website","url":"https:\/\/chapalarealty.chapala.com\/es\/","name":"Lake Chapala Real Estate Coldwell Banker Chapala Realty","description":"Information on real estate sales, rentals and retirement in Chapala, Ajijic and Lake Chapala area.  Homes for sale in Chapala. Homes for sale in Ajijic.","publisher":{"@id":"https:\/\/chapalarealty.chapala.com\/es\/#organization"},"potentialAction":[{"@type":"SearchAction","target":{"@type":"EntryPoint","urlTemplate":"https:\/\/chapalarealty.chapala.com\/es\/?s={search_term_string}"},"query-input":{"@type":"PropertyValueSpecification","valueRequired":true,"valueName":"search_term_string"}}],"inLanguage":"es"},{"@type":"Organization","@id":"https:\/\/chapalarealty.chapala.com\/es\/#organization","name":"Coldwell Banker Chapala Realty","url":"https:\/\/chapalarealty.chapala.com\/es\/","logo":{"@type":"ImageObject","inLanguage":"es","@id":"https:\/\/chapalarealty.chapala.com\/es\/#\/schema\/logo\/image\/","url":"https:\/\/chapalarealty.chapala.com\/wp-content\/uploads\/2022\/05\/Chapala-Realty-logo.jpg","contentUrl":"https:\/\/chapalarealty.chapala.com\/wp-content\/uploads\/2022\/05\/Chapala-Realty-logo.jpg","width":276,"height":100,"caption":"Coldwell Banker Chapala Realty"},"image":{"@id":"https:\/\/chapalarealty.chapala.com\/es\/#\/schema\/logo\/image\/"},"sameAs":["https:\/\/www.facebook.com\/coldwellbanker.chapala","https:\/\/www.instagram.com\/coldwellbankerchapala\/","https:\/\/www.youtube.com\/user\/cbChapalaRealty"]}]}},"_links":{"self":[{"href":"https:\/\/chapalarealty.chapala.com\/es\/wp-json\/wp\/v2\/pages\/111936","targetHints":{"allow":["GET"]}}],"collection":[{"href":"https:\/\/chapalarealty.chapala.com\/es\/wp-json\/wp\/v2\/pages"}],"about":[{"href":"https:\/\/chapalarealty.chapala.com\/es\/wp-json\/wp\/v2\/types\/page"}],"author":[{"embeddable":true,"href":"https:\/\/chapalarealty.chapala.com\/es\/wp-json\/wp\/v2\/users\/1"}],"replies":[{"embeddable":true,"href":"https:\/\/chapalarealty.chapala.com\/es\/wp-json\/wp\/v2\/comments?post=111936"}],"version-history":[{"count":5,"href":"https:\/\/chapalarealty.chapala.com\/es\/wp-json\/wp\/v2\/pages\/111936\/revisions"}],"predecessor-version":[{"id":111944,"href":"https:\/\/chapalarealty.chapala.com\/es\/wp-json\/wp\/v2\/pages\/111936\/revisions\/111944"}],"wp:attachment":[{"href":"https:\/\/chapalarealty.chapala.com\/es\/wp-json\/wp\/v2\/media?parent=111936"}],"curies":[{"name":"wp","href":"https:\/\/api.w.org\/{rel}","templated":true}]}}