{"id":112048,"date":"2023-12-07T11:48:17","date_gmt":"2023-12-07T17:48:17","guid":{"rendered":"https:\/\/chapalarealty.chapala.com\/nuestro-idilico-entorno-local\/"},"modified":"2026-02-19T15:18:18","modified_gmt":"2026-02-19T21:18:18","slug":"nuestro-idilico-entorno-local","status":"publish","type":"page","link":"https:\/\/chapalarealty.chapala.com\/es\/nuestro-idilico-entorno-local\/","title":{"rendered":"Nuestro id\u00edlico entorno local"},"content":{"rendered":"\n<p>Presentar a los jubilados nuestro id\u00edlico entorno local es lo que mejor sabemos hacer. Tras muchos a\u00f1os en un entorno muy competitivo, muchos extranjeros merecen y necesitan urgentemente un descanso de sus actividades de toda la vida: no solo es necesario tomarse un tiempo libre, sino que tambi\u00e9n se necesita un cambio en la forma de vivir para renovar las ganas de vivir; un entorno diferente ayuda enormemente. Vivir junto al lago ofrece exactamente eso; algunos lo llaman una segunda oportunidad en la vida, otros una segunda carrera; replantearse a uno mismo una vez que est\u00e1 aqu\u00ed es lo que le llena de energ\u00eda para crear una jubilaci\u00f3n perfecta. No es casualidad que quienes llegan aqu\u00ed se rejuvenezcan y sumen a\u00f1os adicionales a sus vidas.   <\/p>\n\n<figure class=\"wp-block-gallery has-nested-images columns-default is-cropped wp-block-gallery-1 is-layout-flex wp-block-gallery-is-layout-flex\">\n<figure class=\"wp-block-image size-large\"><img fetchpriority=\"high\" decoding=\"async\" width=\"1024\" height=\"576\" data-id=\"106218\" src=\"https:\/\/chapalarealty.chapala.com\/wp-content\/uploads\/2023\/12\/real-estate-agent-2-1024x576.jpg\" alt=\"\" class=\"wp-image-106218\" srcset=\"https:\/\/chapalarealty.chapala.com\/wp-content\/uploads\/2023\/12\/real-estate-agent-2-1024x576.jpg 1024w, https:\/\/chapalarealty.chapala.com\/wp-content\/uploads\/2023\/12\/real-estate-agent-2-300x169.jpg 300w, https:\/\/chapalarealty.chapala.com\/wp-content\/uploads\/2023\/12\/real-estate-agent-2-768x432.jpg 768w, https:\/\/chapalarealty.chapala.com\/wp-content\/uploads\/2023\/12\/real-estate-agent-2-1067x600.jpg 1067w, https:\/\/chapalarealty.chapala.com\/wp-content\/uploads\/2023\/12\/real-estate-agent-2-496x279.jpg 496w, https:\/\/chapalarealty.chapala.com\/wp-content\/uploads\/2023\/12\/real-estate-agent-2.jpg 1387w\" sizes=\"(max-width: 1024px) 100vw, 1024px\" \/><\/figure>\n<\/figure>\n\n<h2 class=\"wp-block-heading\">Forme parte de nuestro \u00e9xito<\/h2>\n\n<p>Ayudar y compartir su entusiasmo con los reci\u00e9n llegados sobre la vida aqu\u00ed puede ayudarle a aliviar parte de la carga de tener que ser productivo; adem\u00e1s, conocer a personas con trayectorias muy diversas y aprender qu\u00e9 es lo que les mueve puede ser muy divertido. En el pasado, usted ten\u00eda las mismas preguntas y dudas sobre la vida junto al lago y sobre lo que significa vivir en un pa\u00eds extranjero; ayudar a los dem\u00e1s le hace sentirse vivo, realizado y con m\u00e1s conocimiento del lugar que decide llamar hogar. Y, por si esto no fuera suficiente, adem\u00e1s ganar\u00e1 buen dinero en el proceso.  <\/p>\n\n<figure class=\"wp-block-image size-large\"><img decoding=\"async\" width=\"1024\" height=\"576\" src=\"https:\/\/chapalarealty.chapala.com\/wp-content\/uploads\/2023\/12\/real-estate-agent-1-1024x576.jpg\" alt=\"\" class=\"wp-image-106219\" srcset=\"https:\/\/chapalarealty.chapala.com\/wp-content\/uploads\/2023\/12\/real-estate-agent-1-1024x576.jpg 1024w, https:\/\/chapalarealty.chapala.com\/wp-content\/uploads\/2023\/12\/real-estate-agent-1-300x169.jpg 300w, https:\/\/chapalarealty.chapala.com\/wp-content\/uploads\/2023\/12\/real-estate-agent-1-768x432.jpg 768w, https:\/\/chapalarealty.chapala.com\/wp-content\/uploads\/2023\/12\/real-estate-agent-1-1067x600.jpg 1067w, https:\/\/chapalarealty.chapala.com\/wp-content\/uploads\/2023\/12\/real-estate-agent-1-496x279.jpg 496w, https:\/\/chapalarealty.chapala.com\/wp-content\/uploads\/2023\/12\/real-estate-agent-1.jpg 1387w\" sizes=\"(max-width: 1024px) 100vw, 1024px\" \/><\/figure>\n\n<p>Desbloquee su potencial como agente inmobiliario en el impresionante Lago de Chapala, M\u00e9xico. \u00danase a nuestro din\u00e1mico equipo y aproveche el floreciente mercado inmobiliario de esta pintoresca regi\u00f3n. Disfrute de oportunidades inigualables para mostrar propiedades de primera, construir relaciones duraderas y formar parte de una comunidad que aprecia el arte de encontrar la casa de sus sue\u00f1os. Haga carrera en una nueva profesi\u00f3n: conocer y ver muchas casas preciosas en la mayor zona de jubilaci\u00f3n de M\u00e9xico.   <\/p>\n\n<h2 class=\"wp-block-heading\">Ofrecemos:<\/h2>\n\n<ul class=\"wp-block-list\">\n<li>Ambiente familiar<\/li>\n\n\n\n<li>La 1.<sup>\u00aa<\/sup> inmobiliaria establecida junto al lago (1976)<\/li>\n\n\n\n<li>Sesiones de coaching individual y acceso a las herramientas m\u00e1s recientes disponibles.<\/li>\n\n\n\n<li>Seminarios avanzados en directo sobre trabajo con compradores y vendedores, financiaci\u00f3n creativa, cierres, contratos, divulgaciones, \u00e9tica, formaci\u00f3n en ventas y m\u00e1s.<\/li>\n\n\n\n<li>Una marca que la gente conoce y en la que conf\u00eda en todo el mundo.<\/li>\n\n\n\n<li>Formaci\u00f3n, motivaci\u00f3n y eventos de producci\u00f3n sin parar.<\/li>\n\n\n\n<li>Varias oficinas y ubicaciones clave de ventas.<\/li>\n\n\n\n<li>Referencias, incentivos, premios, reconocimiento y programas de bonificaci\u00f3n.<\/li>\n\n\n\n<li>Br\u00f3ker no competidor<\/li>\n\n\n\n<li>El mayor sitio web de la zona del lago<\/li>\n<\/ul>\n\n<p><a href=\"mailto:chapala@chapala.com\">chapala@chapala.com<\/a> | Tel. +52 1 (376) 765 3676 | David Tingen <\/p>\n","protected":false},"excerpt":{"rendered":"<p>Presentar a los jubilados nuestro id\u00edlico entorno local es lo que mejor sabemos hacer. Tras muchos a\u00f1os en un entorno muy competitivo, muchos extranjeros merecen y necesitan urgentemente un descanso de sus actividades de toda la vida: no solo es necesario tomarse un tiempo libre, sino que tambi\u00e9n se necesita un cambio en la forma [&hellip;]<\/p>\n","protected":false},"author":1,"featured_media":112046,"parent":0,"menu_order":0,"comment_status":"closed","ping_status":"closed","template":"","meta":{"footnotes":""},"class_list":["post-112048","page","type-page","status-publish","has-post-thumbnail","hentry"],"yoast_head":"<!-- This site is optimized with the Yoast SEO plugin v27.4 - https:\/\/yoast.com\/product\/yoast-seo-wordpress\/ -->\n<title>Nuestro id\u00edlico entorno local - Lake Chapala Real Estate - Coldwell Banker<\/title>\n<meta name=\"description\" content=\"Desbloquee su potencial como agente inmobiliario en el impresionante Lago de Chapala, M\u00e9xico.\" \/>\n<meta name=\"robots\" content=\"index, follow, max-snippet:-1, max-image-preview:large, max-video-preview:-1\" \/>\n<link rel=\"canonical\" href=\"https:\/\/chapalarealty.chapala.com\/es\/nuestro-idilico-entorno-local\/\" \/>\n<meta property=\"og:locale\" content=\"es_ES\" \/>\n<meta property=\"og:type\" content=\"article\" \/>\n<meta property=\"og:title\" content=\"Nuestro id\u00edlico entorno local - Lake Chapala Real Estate - Coldwell Banker\" \/>\n<meta property=\"og:description\" content=\"Desbloquee su potencial como agente inmobiliario en el impresionante Lago de Chapala, M\u00e9xico.\" \/>\n<meta property=\"og:url\" content=\"https:\/\/chapalarealty.chapala.com\/es\/nuestro-idilico-entorno-local\/\" \/>\n<meta property=\"og:site_name\" content=\"Lake Chapala Real Estate - Coldwell Banker\" \/>\n<meta property=\"article:publisher\" content=\"https:\/\/www.facebook.com\/coldwellbanker.chapala\" \/>\n<meta property=\"article:modified_time\" content=\"2026-02-19T21:18:18+00:00\" \/>\n<meta property=\"og:image\" content=\"https:\/\/chapalarealty.chapala.com\/wp-content\/uploads\/2023\/12\/real-estate-agent-1.jpg\" \/>\n\t<meta property=\"og:image:width\" content=\"1387\" \/>\n\t<meta property=\"og:image:height\" content=\"780\" \/>\n\t<meta property=\"og:image:type\" content=\"image\/jpeg\" \/>\n<meta name=\"twitter:card\" content=\"summary_large_image\" \/>\n<meta name=\"twitter:label1\" content=\"Tiempo de lectura\" \/>\n\t<meta name=\"twitter:data1\" content=\"2 minutos\" \/>\n<script type=\"application\/ld+json\" class=\"yoast-schema-graph\">{\"@context\":\"https:\\\/\\\/schema.org\",\"@graph\":[{\"@type\":\"WebPage\",\"@id\":\"https:\\\/\\\/chapalarealty.chapala.com\\\/es\\\/nuestro-idilico-entorno-local\\\/\",\"url\":\"https:\\\/\\\/chapalarealty.chapala.com\\\/es\\\/nuestro-idilico-entorno-local\\\/\",\"name\":\"Nuestro id\u00edlico entorno local - Lake Chapala Real Estate - Coldwell Banker\",\"isPartOf\":{\"@id\":\"https:\\\/\\\/chapalarealty.chapala.com\\\/es\\\/#website\"},\"primaryImageOfPage\":{\"@id\":\"https:\\\/\\\/chapalarealty.chapala.com\\\/es\\\/nuestro-idilico-entorno-local\\\/#primaryimage\"},\"image\":{\"@id\":\"https:\\\/\\\/chapalarealty.chapala.com\\\/es\\\/nuestro-idilico-entorno-local\\\/#primaryimage\"},\"thumbnailUrl\":\"https:\\\/\\\/chapalarealty.chapala.com\\\/wp-content\\\/uploads\\\/2023\\\/12\\\/real-estate-agent-1.jpg\",\"datePublished\":\"2023-12-07T17:48:17+00:00\",\"dateModified\":\"2026-02-19T21:18:18+00:00\",\"description\":\"Desbloquee su potencial como agente inmobiliario en el impresionante Lago de Chapala, M\u00e9xico.\",\"breadcrumb\":{\"@id\":\"https:\\\/\\\/chapalarealty.chapala.com\\\/es\\\/nuestro-idilico-entorno-local\\\/#breadcrumb\"},\"inLanguage\":\"es\",\"potentialAction\":[{\"@type\":\"ReadAction\",\"target\":[\"https:\\\/\\\/chapalarealty.chapala.com\\\/es\\\/nuestro-idilico-entorno-local\\\/\"]}]},{\"@type\":\"ImageObject\",\"inLanguage\":\"es\",\"@id\":\"https:\\\/\\\/chapalarealty.chapala.com\\\/es\\\/nuestro-idilico-entorno-local\\\/#primaryimage\",\"url\":\"https:\\\/\\\/chapalarealty.chapala.com\\\/wp-content\\\/uploads\\\/2023\\\/12\\\/real-estate-agent-1.jpg\",\"contentUrl\":\"https:\\\/\\\/chapalarealty.chapala.com\\\/wp-content\\\/uploads\\\/2023\\\/12\\\/real-estate-agent-1.jpg\",\"width\":1387,\"height\":780},{\"@type\":\"BreadcrumbList\",\"@id\":\"https:\\\/\\\/chapalarealty.chapala.com\\\/es\\\/nuestro-idilico-entorno-local\\\/#breadcrumb\",\"itemListElement\":[{\"@type\":\"ListItem\",\"position\":1,\"name\":\"Home\",\"item\":\"https:\\\/\\\/chapalarealty.chapala.com\\\/es\\\/chapala-realty\\\/\"},{\"@type\":\"ListItem\",\"position\":2,\"name\":\"Nuestro id\u00edlico entorno local\"}]},{\"@type\":\"WebSite\",\"@id\":\"https:\\\/\\\/chapalarealty.chapala.com\\\/es\\\/#website\",\"url\":\"https:\\\/\\\/chapalarealty.chapala.com\\\/es\\\/\",\"name\":\"Lake Chapala Real Estate Coldwell Banker Chapala Realty\",\"description\":\"Information on real estate sales, rentals and retirement in Chapala, Ajijic and Lake Chapala area.  Homes for sale in Chapala. Homes for sale in Ajijic.\",\"publisher\":{\"@id\":\"https:\\\/\\\/chapalarealty.chapala.com\\\/es\\\/#organization\"},\"potentialAction\":[{\"@type\":\"SearchAction\",\"target\":{\"@type\":\"EntryPoint\",\"urlTemplate\":\"https:\\\/\\\/chapalarealty.chapala.com\\\/es\\\/?s={search_term_string}\"},\"query-input\":{\"@type\":\"PropertyValueSpecification\",\"valueRequired\":true,\"valueName\":\"search_term_string\"}}],\"inLanguage\":\"es\"},{\"@type\":\"Organization\",\"@id\":\"https:\\\/\\\/chapalarealty.chapala.com\\\/es\\\/#organization\",\"name\":\"Coldwell Banker Chapala Realty\",\"url\":\"https:\\\/\\\/chapalarealty.chapala.com\\\/es\\\/\",\"logo\":{\"@type\":\"ImageObject\",\"inLanguage\":\"es\",\"@id\":\"https:\\\/\\\/chapalarealty.chapala.com\\\/es\\\/#\\\/schema\\\/logo\\\/image\\\/\",\"url\":\"https:\\\/\\\/chapalarealty.chapala.com\\\/wp-content\\\/uploads\\\/2022\\\/05\\\/Chapala-Realty-logo.jpg\",\"contentUrl\":\"https:\\\/\\\/chapalarealty.chapala.com\\\/wp-content\\\/uploads\\\/2022\\\/05\\\/Chapala-Realty-logo.jpg\",\"width\":276,\"height\":100,\"caption\":\"Coldwell Banker Chapala Realty\"},\"image\":{\"@id\":\"https:\\\/\\\/chapalarealty.chapala.com\\\/es\\\/#\\\/schema\\\/logo\\\/image\\\/\"},\"sameAs\":[\"https:\\\/\\\/www.facebook.com\\\/coldwellbanker.chapala\",\"https:\\\/\\\/www.instagram.com\\\/coldwellbankerchapala\\\/\",\"https:\\\/\\\/www.youtube.com\\\/user\\\/cbChapalaRealty\"]}]}<\/script>\n<!-- \/ Yoast SEO plugin. -->","yoast_head_json":{"title":"Nuestro id\u00edlico entorno local - Lake Chapala Real Estate - Coldwell Banker","description":"Desbloquee su potencial como agente inmobiliario en el impresionante Lago de Chapala, M\u00e9xico.","robots":{"index":"index","follow":"follow","max-snippet":"max-snippet:-1","max-image-preview":"max-image-preview:large","max-video-preview":"max-video-preview:-1"},"canonical":"https:\/\/chapalarealty.chapala.com\/es\/nuestro-idilico-entorno-local\/","og_locale":"es_ES","og_type":"article","og_title":"Nuestro id\u00edlico entorno local - Lake Chapala Real Estate - Coldwell Banker","og_description":"Desbloquee su potencial como agente inmobiliario en el impresionante Lago de Chapala, M\u00e9xico.","og_url":"https:\/\/chapalarealty.chapala.com\/es\/nuestro-idilico-entorno-local\/","og_site_name":"Lake Chapala Real Estate - Coldwell Banker","article_publisher":"https:\/\/www.facebook.com\/coldwellbanker.chapala","article_modified_time":"2026-02-19T21:18:18+00:00","og_image":[{"width":1387,"height":780,"url":"https:\/\/chapalarealty.chapala.com\/wp-content\/uploads\/2023\/12\/real-estate-agent-1.jpg","type":"image\/jpeg"}],"twitter_card":"summary_large_image","twitter_misc":{"Tiempo de lectura":"2 minutos"},"schema":{"@context":"https:\/\/schema.org","@graph":[{"@type":"WebPage","@id":"https:\/\/chapalarealty.chapala.com\/es\/nuestro-idilico-entorno-local\/","url":"https:\/\/chapalarealty.chapala.com\/es\/nuestro-idilico-entorno-local\/","name":"Nuestro id\u00edlico entorno local - Lake Chapala Real Estate - Coldwell Banker","isPartOf":{"@id":"https:\/\/chapalarealty.chapala.com\/es\/#website"},"primaryImageOfPage":{"@id":"https:\/\/chapalarealty.chapala.com\/es\/nuestro-idilico-entorno-local\/#primaryimage"},"image":{"@id":"https:\/\/chapalarealty.chapala.com\/es\/nuestro-idilico-entorno-local\/#primaryimage"},"thumbnailUrl":"https:\/\/chapalarealty.chapala.com\/wp-content\/uploads\/2023\/12\/real-estate-agent-1.jpg","datePublished":"2023-12-07T17:48:17+00:00","dateModified":"2026-02-19T21:18:18+00:00","description":"Desbloquee su potencial como agente inmobiliario en el impresionante Lago de Chapala, M\u00e9xico.","breadcrumb":{"@id":"https:\/\/chapalarealty.chapala.com\/es\/nuestro-idilico-entorno-local\/#breadcrumb"},"inLanguage":"es","potentialAction":[{"@type":"ReadAction","target":["https:\/\/chapalarealty.chapala.com\/es\/nuestro-idilico-entorno-local\/"]}]},{"@type":"ImageObject","inLanguage":"es","@id":"https:\/\/chapalarealty.chapala.com\/es\/nuestro-idilico-entorno-local\/#primaryimage","url":"https:\/\/chapalarealty.chapala.com\/wp-content\/uploads\/2023\/12\/real-estate-agent-1.jpg","contentUrl":"https:\/\/chapalarealty.chapala.com\/wp-content\/uploads\/2023\/12\/real-estate-agent-1.jpg","width":1387,"height":780},{"@type":"BreadcrumbList","@id":"https:\/\/chapalarealty.chapala.com\/es\/nuestro-idilico-entorno-local\/#breadcrumb","itemListElement":[{"@type":"ListItem","position":1,"name":"Home","item":"https:\/\/chapalarealty.chapala.com\/es\/chapala-realty\/"},{"@type":"ListItem","position":2,"name":"Nuestro id\u00edlico entorno local"}]},{"@type":"WebSite","@id":"https:\/\/chapalarealty.chapala.com\/es\/#website","url":"https:\/\/chapalarealty.chapala.com\/es\/","name":"Lake Chapala Real Estate Coldwell Banker Chapala Realty","description":"Information on real estate sales, rentals and retirement in Chapala, Ajijic and Lake Chapala area.  Homes for sale in Chapala. Homes for sale in Ajijic.","publisher":{"@id":"https:\/\/chapalarealty.chapala.com\/es\/#organization"},"potentialAction":[{"@type":"SearchAction","target":{"@type":"EntryPoint","urlTemplate":"https:\/\/chapalarealty.chapala.com\/es\/?s={search_term_string}"},"query-input":{"@type":"PropertyValueSpecification","valueRequired":true,"valueName":"search_term_string"}}],"inLanguage":"es"},{"@type":"Organization","@id":"https:\/\/chapalarealty.chapala.com\/es\/#organization","name":"Coldwell Banker Chapala Realty","url":"https:\/\/chapalarealty.chapala.com\/es\/","logo":{"@type":"ImageObject","inLanguage":"es","@id":"https:\/\/chapalarealty.chapala.com\/es\/#\/schema\/logo\/image\/","url":"https:\/\/chapalarealty.chapala.com\/wp-content\/uploads\/2022\/05\/Chapala-Realty-logo.jpg","contentUrl":"https:\/\/chapalarealty.chapala.com\/wp-content\/uploads\/2022\/05\/Chapala-Realty-logo.jpg","width":276,"height":100,"caption":"Coldwell Banker Chapala Realty"},"image":{"@id":"https:\/\/chapalarealty.chapala.com\/es\/#\/schema\/logo\/image\/"},"sameAs":["https:\/\/www.facebook.com\/coldwellbanker.chapala","https:\/\/www.instagram.com\/coldwellbankerchapala\/","https:\/\/www.youtube.com\/user\/cbChapalaRealty"]}]}},"_links":{"self":[{"href":"https:\/\/chapalarealty.chapala.com\/es\/wp-json\/wp\/v2\/pages\/112048","targetHints":{"allow":["GET"]}}],"collection":[{"href":"https:\/\/chapalarealty.chapala.com\/es\/wp-json\/wp\/v2\/pages"}],"about":[{"href":"https:\/\/chapalarealty.chapala.com\/es\/wp-json\/wp\/v2\/types\/page"}],"author":[{"embeddable":true,"href":"https:\/\/chapalarealty.chapala.com\/es\/wp-json\/wp\/v2\/users\/1"}],"replies":[{"embeddable":true,"href":"https:\/\/chapalarealty.chapala.com\/es\/wp-json\/wp\/v2\/comments?post=112048"}],"version-history":[{"count":1,"href":"https:\/\/chapalarealty.chapala.com\/es\/wp-json\/wp\/v2\/pages\/112048\/revisions"}],"predecessor-version":[{"id":112049,"href":"https:\/\/chapalarealty.chapala.com\/es\/wp-json\/wp\/v2\/pages\/112048\/revisions\/112049"}],"wp:featuredmedia":[{"embeddable":true,"href":"https:\/\/chapalarealty.chapala.com\/es\/wp-json\/wp\/v2\/media\/112046"}],"wp:attachment":[{"href":"https:\/\/chapalarealty.chapala.com\/es\/wp-json\/wp\/v2\/media?parent=112048"}],"curies":[{"name":"wp","href":"https:\/\/api.w.org\/{rel}","templated":true}]}}